{"id":492298,"date":"2020-02-14T11:18:53","date_gmt":"2020-02-14T11:18:53","guid":{"rendered":"https:\/\/rahhal.com\/politica-de-cookies\/"},"modified":"2026-03-16T13:15:24","modified_gmt":"2026-03-16T13:15:24","slug":"politica-de-cookies","status":"publish","type":"page","link":"https:\/\/rahhal.com\/en\/politica-de-cookies\/","title":{"rendered":"Cookie Policy"},"content":{"rendered":"[vc_row type=&#8221;in_container&#8221; full_screen_row_position=&#8221;middle&#8221; column_margin=&#8221;default&#8221; scene_position=&#8221;center&#8221; text_color=&#8221;dark&#8221; text_align=&#8221;left&#8221; top_padding=&#8221;5%&#8221; bottom_padding=&#8221;5%&#8221; overlay_strength=&#8221;0.3&#8243; shape_divider_position=&#8221;bottom&#8221; bg_image_animation=&#8221;none&#8221; shape_type=&#8221;&#8221;][vc_column column_padding=&#8221;no-extra-padding&#8221; column_padding_position=&#8221;all&#8221; background_color_opacity=&#8221;1&#8243; background_hover_color_opacity=&#8221;1&#8243; column_link_target=&#8221;_self&#8221; column_shadow=&#8221;none&#8221; column_border_radius=&#8221;none&#8221; width=&#8221;1\/1&#8243; tablet_width_inherit=&#8221;default&#8221; tablet_text_alignment=&#8221;default&#8221; phone_text_alignment=&#8221;default&#8221; overlay_strength=&#8221;0.3&#8243; column_border_width=&#8221;none&#8221; column_border_style=&#8221;solid&#8221; bg_image_animation=&#8221;none&#8221;][vc_column_text]\n<div id=\"title\">\n<h1 class=\"page-title\">Information about cookies<\/h1>\n<h2 class=\"subtitle\"><\/h2>\n<\/div>\n<p>Cookies and other similar technologies, such as local shared objects, flash cookies, or pixels, are tools used by web servers to store and retrieve information about their visitors, as well as to ensure the proper functioning of the website.<\/p>\n<p>Through the use of these devices, the web server is able to remember certain information related to the user, such as their preferences for viewing the pages on that server, username and password, products of greatest interest to them, etc.<\/p>\n<h4>COOKIES SUBJECT TO REGULATIONS AND EXEMPT COOKIES<\/h4>\n<p>According to the \u201cInformation Society Services Law\u201d (LSSICE) established by Royal Decree 13\/2012, it is mandatory to obtain the user\u2019s explicit consent for all websites that use non-essential cookies before the user begins browsing them.<\/p>\n<p>According to the EU directive, the cookies that require the user\u2019s informed consent are analytics cookies and advertising and affiliate cookies, while technical cookies and those necessary for the proper functioning of the website or for the provision of services expressly requested by the user are exempt.<\/p>\n<h2>TYPES OF COOKIES<\/h2>\n<h4>ACCORDING TO THEIR PURPOSE<\/h4>\n<p>Technical and functional cookies: these are cookies that allow the user to navigate through a website, platform, or application and use the different options or services available on it.<\/p>\n<p>Analytics cookies: these are cookies that allow the party responsible for them to monitor and analyze the behavior of users on the websites to which they are linked. The information collected through these cookies is used to measure the activity of websites, applications, or platforms and to create browsing profiles of users of those sites, applications, and platforms, in order to introduce improvements based on the analysis of how users use the service. <\/p>\n<h4>ACCORDING TO OWNERSHIP<\/h4>\n<p>First-party cookies: these are cookies that are sent to the user\u2019s device from a computer or domain managed by the website publisher itself and from which the service requested by the user is provided.<\/p>\n<p>Third-party cookies: these are cookies sent to the user\u2019s device from a computer or domain that is not managed by the publisher, but by another entity that processes the data obtained through the cookies.<\/p>\n<h4>ACCORDING TO THE RETENTION PERIOD<\/h4>\n<p>Session cookies: these are a type of cookies designed to collect and store data while the user is accessing a website.<\/p>\n<p>Persistent cookies: these are cookies in which the data remain stored on the user\u2019s device and can be accessed and processed for a period defined by the cookie controller, which may range from a few minutes to several years.<\/p>\n<h2>PROCESSING OF PERSONAL DATA<\/h2>\n<p>CL\u00cdNICA OFTALMOL\u00d3GICA RAHHAL DE ALTA TECNOLOG\u00cdA, SL is the Data Controller of the data subject\u2019s personal data and informs you that these data will be processed in accordance with the provisions of Regulation (EU) 2016\/679 of April 27, 2016 (GDPR). Accordingly, the following information regarding the processing is provided:<\/p>\n<p>Purpose of processing: as specified in the section on cookies used on this website. Legal basis for processing: the data subject\u2019s consent (Art. 6.1 GDPR). <\/p>\n<p>Data retention criteria: as specified in the section on cookies used on the website. Data disclosure: the data will not be disclosed to third parties, except in the case of third-party cookies or where required by legal obligation. <\/p>\n<h4>Rights of the Data Subject:<\/h4>\n<ul>\n<li>Right to withdraw consent at any time.<\/li>\n<li>Right of access, rectification, portability, and erasure of their data, as well as the right to restriction of or objection to their processing.<\/li>\n<li>Right to lodge a complaint with the supervisory authority (www.aepd.es) if you believe that the processing does not comply with the applicable regulations.<\/li>\n<\/ul>\n<p>Contact details to exercise your rights:<\/p>\n<p>CL\u00cdNICA OFTALMOL\u00d3GICA RAHHAL DE ALTA TECNOLOG\u00cdA, SL. CIRILO AMOROS, 52 1\u00ba &#8211; 46004 VALENCIA (Valencia). Email: informatica@rahhal.com  <\/p>\n<p>Contact details of the Data Protection Officer: administracion@rahhal.com<\/p>\n<h4>COOKIES USED ON THIS WEBSITE<\/h4>\n<table id=\"table0\">\n<tbody>\n<tr id=\"row0\">\n<td id=\"cell0\" colspan=\"6\">\n<p id=\"paragraph0\">CONFIGURATION PANEL<\/p>\n<\/td>\n<\/tr>\n<tr id=\"row1\">\n<td id=\"cell0\" colspan=\"6\">\n<p id=\"paragraph0\">Check or uncheck as desired to accept or reject the installation of these cookies.<\/p>\n<\/td>\n<\/tr>\n<tr id=\"row2\">\n<td id=\"cell0\">\n<p id=\"paragraph0\">NAME<\/p>\n<\/td>\n<td id=\"cell1\">\n<p id=\"paragraph0\">TIPE<\/p>\n<\/td>\n<td id=\"cell2\">\n<p id=\"paragraph0\">OWNERSHIP<\/p>\n<\/td>\n<td id=\"cell3\">\n<p id=\"paragraph0\">PURPOSE<\/p>\n<\/td>\n<td id=\"cell4\">\n<p id=\"paragraph0\">DURATION<\/p>\n<\/td>\n<td id=\"cell5\">\n<p id=\"paragraph0\">NOTES<\/p>\n<\/td>\n<\/tr>\n<tr id=\"row3\">\n<td id=\"cell0\">\n<p id=\"paragraph0\">_ga<\/p>\n<\/td>\n<td id=\"cell1\">\n<p id=\"paragraph0\">Analytics<\/p>\n<\/td>\n<td id=\"cell2\">\n<p id=\"paragraph0\">Google Analytics<\/p>\n<\/td>\n<td id=\"cell3\">\n<p id=\"paragraph0\">Enables the function to track unique visits. The first time a user accesses the website through a browser, this cookie will be installed. When the same user visits the website again using the same browser, the cookie will recognize them as the same user. Only if the user changes their browser will they be considered a different user.   <\/p>\n<\/td>\n<td id=\"cell4\">\n<p id=\"paragraph0\">2 years<\/p>\n<\/td>\n<td id=\"cell5\">\n<p id=\"paragraph0\">Persistent<\/p>\n<\/td>\n<\/tr>\n<tr id=\"row4\">\n<td id=\"cell0\">\n<p id=\"paragraph0\">_gat<\/p>\n<\/td>\n<td id=\"cell1\">\n<p id=\"paragraph0\">Analytics<\/p>\n<\/td>\n<td id=\"cell2\">\n<p id=\"paragraph0\">Google Analytics<\/p>\n<\/td>\n<td id=\"cell3\">\n<p id=\"paragraph0\">Used to limit the request rate \u2013 it restricts data collection on high-traffic websites.<\/p>\n<\/td>\n<td id=\"cell4\">\n<p id=\"paragraph0\">10 minutes<\/p>\n<\/td>\n<td id=\"cell5\">\n<p id=\"paragraph0\">Session<\/p>\n<\/td>\n<\/tr>\n<tr id=\"row5\">\n<td id=\"cell0\">\n<p id=\"paragraph0\">_gid<\/p>\n<\/td>\n<td id=\"cell1\">\n<p id=\"paragraph0\">Anal\u00edtica<\/p>\n<\/td>\n<td id=\"cell2\">\n<p id=\"paragraph0\">Google Analytics<\/p>\n<\/td>\n<td id=\"cell3\">\n<p id=\"paragraph0\">Used to distinguish users.<\/p>\n<\/td>\n<td id=\"cell4\">\n<p id=\"paragraph0\">24 hours<\/p>\n<\/td>\n<td id=\"cell5\">\n<p id=\"paragraph0\">Session<\/p>\n<\/td>\n<\/tr>\n<\/tbody>\n<\/table>\n<p>Get more information on how to disable Google Analytics cookies:<\/p>\n<ul>\n<li><a href=\"https:\/\/policies.google.com\/technologies\/managing\" target=\"_blank\" rel=\"noopener\">Google Privacy Policy<\/a><\/li>\n<li><a href=\"https:\/\/support.google.com\/analytics\/answer\/181881?hl=es\" target=\"_blank\" rel=\"noopener\">Google Analytics Opt-out<\/a><\/li>\n<\/ul>\n<table id=\"table0\">\n<tbody>\n<tr id=\"row1\">\n<td id=\"cell0\">\n<p id=\"paragraph0\">Chrome<\/p>\n<\/td>\n<td id=\"cell1\">\n<p id=\"paragraph0\"><a href=\"http:\/\/support.google.com\/chrome\/answer\/95647?hl=es\" target=\"_blank\" rel=\"noopener\">http:\/\/support.google.com\/chrome\/answer\/95647?hl=es<\/a><\/p>\n<\/td>\n<\/tr>\n<tr id=\"row2\">\n<td id=\"cell0\">\n<p id=\"paragraph0\">Internet Explorer. Versi\u00f3n 11 <\/p>\n<\/td>\n<td id=\"cell1\">\n<p id=\"paragraph0\"><a href=\"https:\/\/support.microsoft.com\/es-es\/help\/278835\/how-to-delete-cookie-files-in-internet-explorer\" target=\"_blank\" rel=\"noopener\">https:\/\/support.microsoft.com\/es-es\/help\/278835\/how-to-delete-cookie-files-in-internet-explorer<\/a><\/p>\n<\/td>\n<\/tr>\n<tr id=\"row3\">\n<td id=\"cell0\">\n<p id=\"paragraph0\">Firefox. Versi\u00f3n 65.0.1 <\/p>\n<\/td>\n<td id=\"cell1\">\n<p id=\"paragraph0\"><a href=\"https:\/\/www.mozilla.org\/es-ES\/privacy\/websites\/#cookies\" target=\"_blank\" rel=\"noopener\">https:\/\/www.mozilla.org\/es-ES\/privacy\/websites\/#cookies<\/a><\/p>\n<\/td>\n<\/tr>\n<tr id=\"row4\">\n<td id=\"cell0\">\n<p id=\"paragraph0\">Safari Versi\u00f3n 5.1<\/p>\n<\/td>\n<td id=\"cell1\">\n<p id=\"paragraph0\"><a href=\"https:\/\/support.apple.com\/es-es\/guide\/safari\/sfri11471\/mac\" target=\"_blank\" rel=\"noopener\">https:\/\/support.apple.com\/es-es\/guide\/safari\/sfri11471\/mac<\/a><\/p>\n<\/td>\n<\/tr>\n<tr id=\"row5\">\n<td id=\"cell0\">\n<p id=\"paragraph0\">Opera<\/p>\n<\/td>\n<td id=\"cell1\">\n<p id=\"paragraph0\"><a href=\"https:\/\/help.opera.com\/en\/latest\/security-and-privacy\/#clearBrowsingData\" target=\"_blank\" rel=\"noopener\">https:\/\/help.opera.com\/en\/latest\/security-and-privacy\/#clearBrowsingData<\/a><\/p>\n<\/td>\n<\/tr>\n<\/tbody>\n<\/table>\n[\/vc_column_text][\/vc_column][\/vc_row]\n","protected":false},"excerpt":{"rendered":"<p>[vc_row type=&#8221;in_container&#8221; full_screen_row_position=&#8221;middle&#8221; column_margin=&#8221;default&#8221; scene_position=&#8221;center&#8221; text_color=&#8221;dark&#8221; text_align=&#8221;left&#8221; top_padding=&#8221;5%&#8221; bottom_padding=&#8221;5%&#8221; overlay_strength=&#8221;0.3&#8243; shape_divider_position=&#8221;bottom&#8221; bg_image_animation=&#8221;none&#8221; shape_type=&#8221;&#8221;][vc_column column_padding=&#8221;no-extra-padding&#8221; column_padding_position=&#8221;all&#8221; background_color_opacity=&#8221;1&#8243; background_hover_color_opacity=&#8221;1&#8243; column_link_target=&#8221;_self&#8221; column_shadow=&#8221;none&#8221; column_border_radius=&#8221;none&#8221; width=&#8221;1\/1&#8243; tablet_width_inherit=&#8221;default&#8221; tablet_text_alignment=&#8221;default&#8221; phone_text_alignment=&#8221;default&#8221; overlay_strength=&#8221;0.3&#8243; column_border_width=&#8221;none&#8221; column_border_style=&#8221;solid&#8221; bg_image_animation=&#8221;none&#8221;][vc_column_text] Information about&#8230;<\/p>\n","protected":false},"author":1,"featured_media":0,"parent":0,"menu_order":0,"comment_status":"closed","ping_status":"open","template":"","meta":{"footnotes":""},"class_list":["post-492298","page","type-page","status-publish"],"_links":{"self":[{"href":"https:\/\/rahhal.com\/en\/wp-json\/wp\/v2\/pages\/492298","targetHints":{"allow":["GET"]}}],"collection":[{"href":"https:\/\/rahhal.com\/en\/wp-json\/wp\/v2\/pages"}],"about":[{"href":"https:\/\/rahhal.com\/en\/wp-json\/wp\/v2\/types\/page"}],"author":[{"embeddable":true,"href":"https:\/\/rahhal.com\/en\/wp-json\/wp\/v2\/users\/1"}],"replies":[{"embeddable":true,"href":"https:\/\/rahhal.com\/en\/wp-json\/wp\/v2\/comments?post=492298"}],"version-history":[{"count":3,"href":"https:\/\/rahhal.com\/en\/wp-json\/wp\/v2\/pages\/492298\/revisions"}],"predecessor-version":[{"id":492301,"href":"https:\/\/rahhal.com\/en\/wp-json\/wp\/v2\/pages\/492298\/revisions\/492301"}],"wp:attachment":[{"href":"https:\/\/rahhal.com\/en\/wp-json\/wp\/v2\/media?parent=492298"}],"curies":[{"name":"wp","href":"https:\/\/api.w.org\/{rel}","templated":true}]}}